{"id":279,"date":"2018-04-01T13:10:47","date_gmt":"2018-04-01T11:10:47","guid":{"rendered":"http:\/\/stehaoues.com\/?page_id=279"},"modified":"2022-09-01T13:07:12","modified_gmt":"2022-09-01T11:07:12","slug":"haoues-poterie-47","status":"publish","type":"page","link":"https:\/\/stehaoues.com\/?page_id=279","title":{"rendered":"HAOUES POTS"},"content":{"rendered":"<div class=\"slider-wrapper relative\" id=\"slider-478722845\" >\n    <div class=\"slider slider-nav-circle slider-nav-large slider-nav-light slider-style-normal\"\n        data-flickity-options='{\n            \"cellAlign\": \"center\",\n            \"imagesLoaded\": true,\n            \"lazyLoad\": 1,\n            \"freeScroll\": false,\n            \"wrapAround\": true,\n            \"autoPlay\": 6000,\n            \"pauseAutoPlayOnHover\" : true,\n            \"prevNextButtons\": true,\n            \"contain\" : true,\n            \"adaptiveHeight\" : true,\n            \"dragThreshold\" : 10,\n            \"percentPosition\": true,\n            \"pageDots\": true,\n            \"rightToLeft\": false,\n            \"draggable\": true,\n            \"selectedAttraction\": 0.1,\n            \"parallax\" : 0,\n            \"friction\": 0.6        }'\n        >\n        \n\n  <div class=\"banner has-hover\" id=\"banner-1187307195\">\n          <div class=\"banner-inner fill\">\n        <div class=\"banner-bg fill\" >\n            <img loading=\"lazy\" decoding=\"async\" width=\"490\" height=\"400\" src=\"https:\/\/stehaoues.com\/wp-content\/uploads\/2021\/03\/ceramiste-creation-splante-490x400.jpg\" class=\"bg attachment-medium size-medium\" alt=\"\" \/>                        <div class=\"overlay\"><\/div>            \n                    <\/div>\n\t\t\n        <div class=\"banner-layers container\">\n            <div class=\"fill banner-link\"><\/div>            \n   <div id=\"text-box-1507966174\" class=\"text-box banner-layer x50 md-x50 lg-x50 y10 md-y10 lg-y10 res-text\">\n                                <div class=\"text-box-content text dark\">\n              \n              <div class=\"text-inner text-center\">\n                  \n<h3 class=\"uppercase\"><strong>Haoues pot<\/strong><\/h3>\n<h6 class=\"alt-font\"><span style=\"font-size: 150%;\">\u00ab You will survive \u00bb<\/span><\/h6>\n<h5 class=\"alt-font thin-font\"><span style=\"font-size: 110%;\">Notre filiale , c&rsquo;est sp\u00e9cialis\u00e9e dans la fabrication des pots en c\u00e9ramique , en terre cuite rouge ou \u00e9mailler. <\/span><span style=\"font-size: 110%;\">Dans haoues pot , vous vous promenez dans de merveilleux pots.\u00a0 Au jardin ou \u00e0 l int\u00e9rieur , les pots de fleurs se veulent en plus design avec une palette de couleurs harmonieuses et adapt\u00e9 au message v\u00e9hicul\u00e9 .<\/span><\/h5>\n<h5 class=\"uppercase\">D\u00e9couvre notre s\u00e9lection des pots des fleurs les plus canons !<\/h5>\n<p><span style=\"color: #ffff00;\"><strong>Notez bien :<\/strong> Nous pouvons changer la couleur ou le dessin de tous les articles du catalogue sur n&rsquo;importe quelle pi\u00e8ces de votre choix!<\/span><\/p>\n              <\/div>\n           <\/div>\n                            \n<style>\n#text-box-1507966174 {\n  width: 60%;\n}\n#text-box-1507966174 .text-box-content {\n  font-size: 100%;\n}\n@media (min-width:550px) {\n  #text-box-1507966174 {\n    width: 100%;\n  }\n}\n<\/style>\n    <\/div>\n \n        <\/div>\n      <\/div>\n\n            \n<style>\n#banner-1187307195 {\n  padding-top: 348px;\n  background-color: rgb(0, 246, 252);\n}\n#banner-1187307195 .overlay {\n  background-color: rgba(0, 0, 0, 0.703);\n}\n#banner-1187307195 .banner-bg img {\n  object-position: 65% 64%;\n}\n<\/style>\n  <\/div>\n\n\n     <\/div>\n\n     <div class=\"loading-spin dark large centered\"><\/div>\n\n\t<\/div>\n\n\n\n\t<section class=\"section\" id=\"section_935849412\">\n\t\t<div class=\"section-bg fill\" >\n\t\t\t\t\t\t\t\t\t\n\t\t\t\n\t<div class=\"is-border\"\n\t\tstyle=\"border-color:rgba(0, 0, 0, 0.05);border-width:1px 0px 0px 0px;\">\n\t<\/div>\n\n\t\t<\/div>\n\n\t\t\n\n\t\t<div class=\"section-content relative\">\n\t\t\t\n<div class=\"container section-title-container\" ><h3 class=\"section-title section-title-center\"><b><\/b><span class=\"section-title-main\" >notre gamme de pots<\/span><b><\/b><\/h3><\/div>\n\t<div id=\"gap-1886120503\" class=\"gap-element clearfix\" style=\"display:block; height:auto;\">\n\t\t\n<style>\n#gap-1886120503 {\n  padding-top: 44px;\n}\n<\/style>\n\t<\/div>\n\t\n\n  \n    <div class=\"row large-columns-4 medium-columns-3 small-columns-2 row-collapse\" >\n  <div class=\"product-category col\" >\n            <div class=\"col-inner\">\n              <a aria-label=\"Acc\u00e9der \u00e0 la cat\u00e9gorie de produits POT EN TERRE CUITE\" href=\"https:\/\/stehaoues.com\/?product_cat=pot-en-terre-cuite\">                <div class=\"box box-category has-hover box-normal \">\n                <div class=\"box-image\" >\n                  <div class=\"\" >\n                  <img loading=\"lazy\" decoding=\"async\" src=\"https:\/\/stehaoues.com\/wp-content\/uploads\/2021\/04\/IMG_9231d-247x296.jpg\" alt=\"POT EN TERRE CUITE\" width=\"300\" height=\"300\" \/>                                                      <\/div>\n                <\/div>\n                <div class=\"box-text text-center\" >\n                  <div class=\"box-text-inner\">\n                      <h5 class=\"uppercase header-title\">\n                              POT EN TERRE CUITE                      <\/h5>\n                                            <p class=\"is-xsmall uppercase count \">\n\t                      31 Produits                      <\/p>\n                                            \n                  <\/div>\n                <\/div>\n                <\/div>\n            <\/a>            <\/div>\n            <\/div><div class=\"product-category col\" >\n            <div class=\"col-inner\">\n              <a aria-label=\"Acc\u00e9der \u00e0 la cat\u00e9gorie de produits POT COULEUR UNIS\" href=\"https:\/\/stehaoues.com\/?product_cat=couleur-unis\">                <div class=\"box box-category has-hover box-normal \">\n                <div class=\"box-image\" >\n                  <div class=\"\" >\n                  <img loading=\"lazy\" decoding=\"async\" src=\"https:\/\/stehaoues.com\/wp-content\/uploads\/2021\/03\/haoues-groupe-pots-24-247x296.jpg\" alt=\"POT COULEUR UNIS\" width=\"300\" height=\"300\" \/>                                                      <\/div>\n                <\/div>\n                <div class=\"box-text text-center\" >\n                  <div class=\"box-text-inner\">\n                      <h5 class=\"uppercase header-title\">\n                              POT COULEUR UNIS                      <\/h5>\n                                            <p class=\"is-xsmall uppercase count \">\n\t                      18 Produits                      <\/p>\n                                            \n                  <\/div>\n                <\/div>\n                <\/div>\n            <\/a>            <\/div>\n            <\/div><div class=\"product-category col\" >\n            <div class=\"col-inner\">\n              <a aria-label=\"Acc\u00e9der \u00e0 la cat\u00e9gorie de produits POTS DOUBLE COULEURS\" href=\"https:\/\/stehaoues.com\/?product_cat=double-couleurs\">                <div class=\"box box-category has-hover box-normal \">\n                <div class=\"box-image\" >\n                  <div class=\"\" >\n                  <img loading=\"lazy\" decoding=\"async\" src=\"https:\/\/stehaoues.com\/wp-content\/uploads\/2021\/04\/haoues-groupe-pots-32-247x296.jpg\" alt=\"POTS DOUBLE COULEURS\" width=\"300\" height=\"300\" \/>                                                      <\/div>\n                <\/div>\n                <div class=\"box-text text-center\" >\n                  <div class=\"box-text-inner\">\n                      <h5 class=\"uppercase header-title\">\n                              POTS DOUBLE COULEURS                      <\/h5>\n                                            <p class=\"is-xsmall uppercase count \">\n\t                      13 Produits                      <\/p>\n                                            \n                  <\/div>\n                <\/div>\n                <\/div>\n            <\/a>            <\/div>\n            <\/div><div class=\"product-category col\" >\n            <div class=\"col-inner\">\n              <a aria-label=\"Acc\u00e9der \u00e0 la cat\u00e9gorie de produits POTS D\u00c9COR\u00c9E\" href=\"https:\/\/stehaoues.com\/?product_cat=decoree\">                <div class=\"box box-category has-hover box-normal \">\n                <div class=\"box-image\" >\n                  <div class=\"\" >\n                  <img loading=\"lazy\" decoding=\"async\" src=\"https:\/\/stehaoues.com\/wp-content\/uploads\/2021\/06\/IMG_923x8-247x296.jpg\" alt=\"POTS D\u00c9COR\u00c9E\" width=\"300\" height=\"300\" \/>                                                      <\/div>\n                <\/div>\n                <div class=\"box-text text-center\" >\n                  <div class=\"box-text-inner\">\n                      <h5 class=\"uppercase header-title\">\n                              POTS D\u00c9COR\u00c9E                      <\/h5>\n                                            <p class=\"is-xsmall uppercase count \">\n\t                      2 Produits                      <\/p>\n                                            \n                  <\/div>\n                <\/div>\n                <\/div>\n            <\/a>            <\/div>\n            <\/div><\/div>\n\t\t<\/div>\n\n\t\t\n<style>\n#section_935849412 {\n  padding-top: 30px;\n  padding-bottom: 30px;\n  background-color: rgb(246, 246, 246);\n}\n<\/style>\n\t<\/section>\n\t\n\n","protected":false},"excerpt":{"rendered":"","protected":false},"author":1,"featured_media":3059,"parent":0,"menu_order":0,"comment_status":"closed","ping_status":"closed","template":"page-blank.php","meta":{"footnotes":""},"class_list":["post-279","page","type-page","status-publish","has-post-thumbnail","hentry"],"_links":{"self":[{"href":"https:\/\/stehaoues.com\/index.php?rest_route=\/wp\/v2\/pages\/279","targetHints":{"allow":["GET"]}}],"collection":[{"href":"https:\/\/stehaoues.com\/index.php?rest_route=\/wp\/v2\/pages"}],"about":[{"href":"https:\/\/stehaoues.com\/index.php?rest_route=\/wp\/v2\/types\/page"}],"author":[{"embeddable":true,"href":"https:\/\/stehaoues.com\/index.php?rest_route=\/wp\/v2\/users\/1"}],"replies":[{"embeddable":true,"href":"https:\/\/stehaoues.com\/index.php?rest_route=%2Fwp%2Fv2%2Fcomments&post=279"}],"version-history":[{"count":3,"href":"https:\/\/stehaoues.com\/index.php?rest_route=\/wp\/v2\/pages\/279\/revisions"}],"predecessor-version":[{"id":3058,"href":"https:\/\/stehaoues.com\/index.php?rest_route=\/wp\/v2\/pages\/279\/revisions\/3058"}],"wp:featuredmedia":[{"embeddable":true,"href":"https:\/\/stehaoues.com\/index.php?rest_route=\/wp\/v2\/media\/3059"}],"wp:attachment":[{"href":"https:\/\/stehaoues.com\/index.php?rest_route=%2Fwp%2Fv2%2Fmedia&parent=279"}],"curies":[{"name":"wp","href":"https:\/\/api.w.org\/{rel}","templated":true}]}}